{"id":239,"date":"2025-02-09T07:24:23","date_gmt":"2025-02-09T07:24:23","guid":{"rendered":"https:\/\/wordpress.sodiase.dak-dc.fr\/?page_id=239"},"modified":"2025-02-09T14:47:09","modified_gmt":"2025-02-09T14:47:09","slug":"nos-vehicules","status":"publish","type":"page","link":"https:\/\/wordpress.sodiase.dak-dc.fr\/?page_id=239","title":{"rendered":"Nos v\u00e9hicules"},"content":{"rendered":"<div data-colibri-id=\"239-c1\" class=\"style-431 style-local-239-c1 position-relative\">\n  <!---->\n  <div data-colibri-component=\"section\" data-colibri-id=\"239-c2\" id=\"custom\" class=\"h-section h-section-global-spacing d-flex align-items-lg-center align-items-md-center align-items-center style-432 style-local-239-c2 position-relative\">\n    <!---->\n    <!---->\n    <div class=\"h-section-grid-container h-section-boxed-container\">\n      <!---->\n      <div data-colibri-id=\"239-c3\" class=\"h-row-container gutters-row-lg-2 gutters-row-md-2 gutters-row-0 gutters-row-v-lg-2 gutters-row-v-md-2 gutters-row-v-2 style-448 style-local-239-c3 position-relative\">\n        <!---->\n        <div class=\"h-row justify-content-lg-center justify-content-md-center justify-content-center align-items-lg-stretch align-items-md-stretch align-items-stretch gutters-col-lg-2 gutters-col-md-2 gutters-col-0 gutters-col-v-lg-2 gutters-col-v-md-2 gutters-col-v-2\">\n          <!---->\n          <div class=\"h-column h-column-container d-flex h-col-lg-auto h-col-md-auto h-col-auto style-449-outer style-local-239-c4-outer\">\n            <div data-colibri-id=\"239-c4\" class=\"d-flex h-flex-basis h-column__inner h-px-lg-2 h-px-md-2 h-px-2 v-inner-lg-2 v-inner-md-2 v-inner-2 style-449 style-local-239-c4 position-relative\">\n              <!---->\n              <!---->\n              <div class=\"w-100 h-y-container h-column__content h-column__v-align flex-basis-100 align-self-lg-start align-self-md-start align-self-start\">\n                <!---->\n                <div data-colibri-id=\"239-c5\" class=\"h-text h-text-component style-450 style-local-239-c5 position-relative h-element\">\n                  <!---->\n                  <!---->\n                  <div class=\"\">\n                    <p>Notre concession vous propose un large choix de v\u00e9hicules neufs ou d&#8217;occasion. Berlines, SUV, Breaks, citadines, familiales, <\/p>\n                    <p>Venez trouver LE v\u00e9hicule qui VOUS correspond !<\/p>\n                  <\/div>\n                <\/div>\n              <\/div>\n            <\/div>\n          <\/div>\n        <\/div>\n      <\/div>\n      <div data-colibri-id=\"239-c6\" class=\"h-row-container gutters-row-lg-2 gutters-row-md-2 gutters-row-0 gutters-row-v-lg-2 gutters-row-v-md-2 gutters-row-v-2 style-571 style-local-239-c6 position-relative\">\n        <!---->\n        <div class=\"h-row justify-content-lg-center justify-content-md-center justify-content-center align-items-lg-stretch align-items-md-stretch align-items-stretch gutters-col-lg-2 gutters-col-md-2 gutters-col-0 gutters-col-v-lg-2 gutters-col-v-md-2 gutters-col-v-2\">\n          <!---->\n          <div class=\"h-column h-column-container d-flex h-col-lg-auto h-col-md-auto h-col-auto style-572-outer style-local-239-c7-outer\">\n            <div data-colibri-id=\"239-c7\" class=\"d-flex h-flex-basis h-column__inner h-px-lg-2 h-px-md-2 h-px-2 v-inner-lg-2 v-inner-md-2 v-inner-2 style-572 style-local-239-c7 position-relative\">\n              <!---->\n              <!---->\n              <div class=\"w-100 h-y-container h-column__content h-column__v-align flex-basis-100 align-self-lg-start align-self-md-start align-self-start\">\n                <!---->\n                <div data-colibri-id=\"239-c8\" class=\"h-global-transition-all h-heading style-573 style-local-239-c8 position-relative h-element\">\n                  <!---->\n                  <div class=\"h-heading__outer style-573 style-local-239-c8\">\n                    <!---->\n                    <!---->\n                    <h5 class=\"\">D\u00e9couvrez notre gamme de <span data-animation-duration=\"2\" data-type-animation=\"rotate-1\" data-colibri-component=\"fancy-title\"><span class=\"ah-headline rotate-1\"><span style=\"position: relative\" class=\"ah-words-wrapper\"><b class=\"is-visible\">V\u00e9hicules<\/b><b>V\u00e9hicules&nbsp;neufs&nbsp;OPEL<\/b><b>V\u00e9hicules&nbsp;neufs&nbsp;SUZUKI<\/b><b>V\u00e9hicules&nbsp;d&#8217;Occasion<\/b><\/span><\/span>\n                      <\/span>\n                    <\/h5>\n                  <\/div>\n                <\/div>\n              <\/div>\n            <\/div>\n          <\/div>\n        <\/div>\n      <\/div>\n      <div data-colibri-id=\"239-c9\" class=\"h-row-container gutters-row-lg-2 gutters-row-md-2 gutters-row-0 gutters-row-v-lg-2 gutters-row-v-md-2 gutters-row-v-2 style-433 style-local-239-c9 position-relative\">\n        <!---->\n        <div class=\"h-row justify-content-lg-center justify-content-md-center justify-content-center align-items-lg-stretch align-items-md-stretch align-items-stretch gutters-col-lg-2 gutters-col-md-2 gutters-col-0 gutters-col-v-lg-2 gutters-col-v-md-2 gutters-col-v-2\">\n          <!---->\n          <div class=\"h-column h-column-container d-flex h-col-lg-auto h-col-md-auto h-col-auto style-434-outer style-local-239-c10-outer\">\n            <div data-colibri-id=\"239-c10\" class=\"d-flex h-flex-basis h-column__inner h-px-lg-2 h-px-md-2 h-px-2 v-inner-lg-2 v-inner-md-2 v-inner-2 style-434 style-local-239-c10 position-relative\">\n              <!---->\n              <!---->\n              <div class=\"w-100 h-y-container h-column__content h-column__v-align flex-basis-100 align-self-lg-start align-self-md-start align-self-start\">\n                <!---->\n                <div data-colibri-id=\"239-c11\" class=\"h-global-transition-all h-heading style-436 style-local-239-c11 position-relative h-element\">\n                  <!---->\n                  <div class=\"h-heading__outer style-436 style-local-239-c11\">\n                    <!---->\n                    <!---->\n                    <h5 class=\"\">V\u00e9hicules neufs<\/h5>\n                  <\/div>\n                <\/div>\n                <div data-colibri-id=\"239-c12\" class=\"h-row-container gutters-row-lg-2 gutters-row-md-2 gutters-row-0 gutters-row-v-lg-2 gutters-row-v-md-2 gutters-row-v-2 style-438 style-local-239-c12 position-relative\">\n                  <!---->\n                  <div class=\"h-row justify-content-lg-center justify-content-md-center justify-content-center align-items-lg-stretch align-items-md-stretch align-items-stretch gutters-col-lg-2 gutters-col-md-2 gutters-col-0 gutters-col-v-lg-2 gutters-col-v-md-2 gutters-col-v-2\">\n                    <!---->\n                    <div class=\"h-column h-column-container d-flex h-col-lg-6 h-col-md-6 h-col-12 style-439-outer style-local-239-c13-outer\">\n                      <div data-colibri-id=\"239-c13\" class=\"d-flex h-flex-basis h-column__inner h-px-lg-2 h-px-md-2 h-px-2 v-inner-lg-2 v-inner-md-2 v-inner-2 style-439 style-local-239-c13 position-relative\">\n                        <!---->\n                        <!---->\n                        <div class=\"w-100 h-y-container h-column__content h-column__v-align flex-basis-100 align-self-lg-start align-self-md-start align-self-start\">\n                          <!---->\n                          <div data-colibri-id=\"239-c14\" class=\"d-block style-447 style-local-239-c14 position-relative h-element\">\n                            <!---->\n                            <div class=\"h-image__frame-container-outer\">\n                              <a href=\"https:\/\/www.saint-maur-des-fosses.opelreseau.fr\/\" h-use-smooth-scroll=\"true\" class=\"image-link\">\n                                <div class=\"h-image__frame-container\">\n                                  <!---->\n                                  <!---->\n                                  <img loading=\"lazy\" decoding=\"async\" width=\"200\" height=\"200\" src=\"https:\/\/wordpress.sodiase.dak-dc.fr\/wp-content\/uploads\/2025\/02\/cropped-cropped-logo-opel.png\" class=\"wp-image-248 style-447-image style-local-239-c14-image\" alt=\"\" srcset=\"https:\/\/wordpress.sodiase.dak-dc.fr\/wp-content\/uploads\/2025\/02\/cropped-cropped-logo-opel.png 200w, https:\/\/wordpress.sodiase.dak-dc.fr\/wp-content\/uploads\/2025\/02\/cropped-cropped-logo-opel-150x150.png 150w\" sizes=\"auto, (max-width: 200px) 100vw, 200px\" \/>\n                                  <div class=\"h-image__frame h-hide-lg h-hide-md h-hide-sm style-447-frameImage style-local-239-c14-frameImage\"><\/div>\n                                <\/div>\n                              <\/a>\n                            <\/div>\n                          <\/div>\n                        <\/div>\n                      <\/div>\n                    <\/div>\n                    <div class=\"h-column h-column-container d-flex h-col-lg-6 h-col-md-6 h-col-12 style-440-outer style-local-239-c15-outer\">\n                      <div data-colibri-id=\"239-c15\" class=\"d-flex h-flex-basis h-column__inner h-px-lg-2 h-px-md-2 h-px-2 v-inner-lg-2 v-inner-md-2 v-inner-2 style-440 style-local-239-c15 position-relative\">\n                        <!---->\n                        <!---->\n                        <div class=\"w-100 h-y-container h-column__content h-column__v-align flex-basis-100 align-self-lg-start align-self-md-start align-self-start\">\n                          <!---->\n                          <div data-colibri-id=\"239-c16\" class=\"d-block style-444 style-local-239-c16 position-relative h-element\">\n                            <!---->\n                            <div class=\"h-image__frame-container-outer\">\n                              <a href=\"https:\/\/concession.suzuki.fr\/saint-maur\" h-use-smooth-scroll=\"true\" class=\"image-link\">\n                                <div class=\"h-image__frame-container\">\n                                  <!---->\n                                  <!---->\n                                  <img loading=\"lazy\" decoding=\"async\" width=\"179\" height=\"179\" src=\"https:\/\/wordpress.sodiase.dak-dc.fr\/wp-content\/uploads\/2025\/02\/cropped-logo-suzuki.png\" class=\"wp-image-243 style-444-image style-local-239-c16-image\" alt=\"\" srcset=\"https:\/\/wordpress.sodiase.dak-dc.fr\/wp-content\/uploads\/2025\/02\/cropped-logo-suzuki.png 179w, https:\/\/wordpress.sodiase.dak-dc.fr\/wp-content\/uploads\/2025\/02\/cropped-logo-suzuki-150x150.png 150w\" sizes=\"auto, (max-width: 179px) 100vw, 179px\" \/>\n                                  <div class=\"h-image__frame h-hide-lg h-hide-md h-hide-sm style-444-frameImage style-local-239-c16-frameImage\"><\/div>\n                                <\/div>\n                              <\/a>\n                            <\/div>\n                          <\/div>\n                        <\/div>\n                      <\/div>\n                    <\/div>\n                  <\/div>\n                <\/div>\n              <\/div>\n            <\/div>\n          <\/div>\n          <div class=\"h-column h-column-container d-flex h-col-lg-auto h-col-md-auto h-col-auto style-435-outer style-local-239-c17-outer\">\n            <div data-colibri-id=\"239-c17\" class=\"d-flex h-flex-basis h-column__inner h-px-lg-2 h-px-md-2 h-px-2 v-inner-lg-2 v-inner-md-2 v-inner-2 style-435 style-local-239-c17 position-relative\">\n              <!---->\n              <!---->\n              <div class=\"w-100 h-y-container h-column__content h-column__v-align flex-basis-100 align-self-lg-start align-self-md-start align-self-start\">\n                <!---->\n                <div data-colibri-id=\"239-c18\" class=\"h-global-transition-all h-heading style-437 style-local-239-c18 position-relative h-element\">\n                  <!---->\n                  <div class=\"h-heading__outer style-437 style-local-239-c18\">\n                    <!---->\n                    <!---->\n                    <h5 class=\"\">V\u00e9hicules d&#8217;occasion<\/h5>\n                  <\/div>\n                <\/div>\n                <div data-colibri-id=\"239-c19\" class=\"h-row-container gutters-row-lg-1 gutters-row-md-1 gutters-row-0 gutters-row-v-lg-1 gutters-row-v-md-1 gutters-row-v-1 style-441 style-local-239-c19 position-relative\">\n                  <!---->\n                  <div class=\"h-row justify-content-lg-center justify-content-md-center justify-content-center align-items-lg-stretch align-items-md-stretch align-items-stretch gutters-col-lg-1 gutters-col-md-1 gutters-col-0 gutters-col-v-lg-1 gutters-col-v-md-1 gutters-col-v-1\">\n                    <!---->\n                    <div class=\"h-column h-column-container d-flex h-col-lg-auto h-col-md-auto h-col-auto style-443-outer style-local-239-c20-outer\">\n                      <div data-colibri-id=\"239-c20\" class=\"d-flex h-flex-basis h-column__inner h-px-lg-2 h-px-md-2 h-px-2 v-inner-lg-2 v-inner-md-2 v-inner-2 style-443 style-local-239-c20 position-relative\">\n                        <!---->\n                        <!---->\n                        <div class=\"w-100 h-y-container h-column__content h-column__v-align flex-basis-100 align-self-lg-start align-self-md-start align-self-start\">\n                          <!---->\n                          <div data-colibri-id=\"239-c21\" class=\"d-block style-446 style-local-239-c21 position-relative h-element\">\n                            <!---->\n                            <div class=\"h-image__frame-container-outer\">\n                              <a href=\"https:\/\/www.spoticar.fr\/points-de-vente\/st-maur-des-fosses-0000117171\" h-use-smooth-scroll=\"true\" class=\"image-link\">\n                                <div class=\"h-image__frame-container\">\n                                  <!---->\n                                  <!---->\n                                  <img loading=\"lazy\" decoding=\"async\" width=\"249\" height=\"67\" src=\"https:\/\/wordpress.sodiase.dak-dc.fr\/wp-content\/uploads\/2025\/02\/cropped-LOGO-SPOTICAR.png\" class=\"wp-image-247 style-446-image style-local-239-c21-image\" alt=\"\" \/>\n                                  <div class=\"h-image__frame h-hide-lg h-hide-md h-hide-sm style-446-frameImage style-local-239-c21-frameImage\"><\/div>\n                                <\/div>\n                              <\/a>\n                            <\/div>\n                          <\/div>\n                          <div data-colibri-id=\"239-c22\" class=\"d-block style-445 style-local-239-c22 position-relative h-element\">\n                            <!---->\n                            <div class=\"h-image__frame-container-outer\">\n                              <a href=\"https:\/\/sodiase94.espacevo.fr\/\" h-use-smooth-scroll=\"true\" class=\"image-link\">\n                                <div class=\"h-image__frame-container\">\n                                  <!---->\n                                  <!---->\n                                  <img loading=\"lazy\" decoding=\"async\" width=\"241\" height=\"52\" src=\"https:\/\/wordpress.sodiase.dak-dc.fr\/wp-content\/uploads\/2025\/02\/cropped-LOGO-LA-CENTRALE.png\" class=\"wp-image-246 style-445-image style-local-239-c22-image\" alt=\"\" \/>\n                                  <div class=\"h-image__frame h-hide-lg h-hide-md h-hide-sm style-445-frameImage style-local-239-c22-frameImage\"><\/div>\n                                <\/div>\n                              <\/a>\n                            <\/div>\n                          <\/div>\n                        <\/div>\n                      <\/div>\n                    <\/div>\n                  <\/div>\n                <\/div>\n              <\/div>\n            <\/div>\n          <\/div>\n        <\/div>\n      <\/div>\n      <div data-colibri-id=\"239-c23\" class=\"h-row-container gutters-row-lg-2 gutters-row-md-2 gutters-row-0 gutters-row-v-lg-2 gutters-row-v-md-2 gutters-row-v-2 style-575 style-local-239-c23 position-relative\">\n        <!---->\n        <div class=\"h-row justify-content-lg-center justify-content-md-center justify-content-center align-items-lg-stretch align-items-md-stretch align-items-stretch gutters-col-lg-2 gutters-col-md-2 gutters-col-0 gutters-col-v-lg-2 gutters-col-v-md-2 gutters-col-v-2\">\n          <!---->\n          <div class=\"h-column h-column-container d-flex h-col-lg-auto h-col-md-auto h-col-auto style-576-outer style-local-239-c24-outer\">\n            <div data-colibri-id=\"239-c24\" class=\"d-flex h-flex-basis h-column__inner h-px-lg-2 h-px-md-2 h-px-2 v-inner-lg-2 v-inner-md-2 v-inner-2 style-576 style-local-239-c24 position-relative\">\n              <!---->\n              <!---->\n              <div class=\"w-100 h-y-container h-column__content h-column__v-align flex-basis-100 align-self-lg-start align-self-md-start align-self-start\">\n                <!---->\n                <div data-colibri-id=\"239-c25\" class=\"h-text h-text-component style-569 style-local-239-c25 position-relative h-element\">\n                  <!---->\n                  <!---->\n                  <div class=\"\">\n                    <p>Besoin d&#8217;accompagnement dans votre projet ? Contactez notre \u00e9quipe d&#8217;expert qui sera ravies de mettre \u00e0 votre disposition son savoir-faire.<\/p>\n                  <\/div>\n                <\/div>\n              <\/div>\n            <\/div>\n          <\/div>\n        <\/div>\n      <\/div>\n      <div data-colibri-id=\"239-c26\" class=\"h-row-container gutters-row-lg-2 gutters-row-md-2 gutters-row-0 gutters-row-v-lg-2 gutters-row-v-md-2 gutters-row-v-2 style-549 style-local-239-c26 position-relative\">\n        <!---->\n        <div class=\"h-row justify-content-lg-center justify-content-md-center justify-content-center align-items-lg-stretch align-items-md-stretch align-items-stretch gutters-col-lg-2 gutters-col-md-2 gutters-col-0 gutters-col-v-lg-2 gutters-col-v-md-2 gutters-col-v-2\">\n          <!---->\n          <div class=\"h-column h-column-container d-flex h-col-lg-auto h-col-md-auto h-col-auto style-550-outer style-local-239-c27-outer\">\n            <div data-colibri-id=\"239-c27\" class=\"d-flex h-flex-basis h-column__inner h-px-lg-2 h-px-md-2 h-px-2 v-inner-lg-2 v-inner-md-2 v-inner-2 style-550 style-local-239-c27 position-relative\">\n              <!---->\n              <!---->\n              <div class=\"w-100 h-y-container h-column__content h-column__v-align flex-basis-100 align-self-lg-start align-self-md-start align-self-start\">\n                <!---->\n                <div data-colibri-id=\"239-c28\" class=\"h-x-container style-551 style-local-239-c28 position-relative h-element\">\n                  <!---->\n                  <div class=\"h-x-container-inner style-dynamic-239-c28-group style-551-spacing style-local-239-c28-spacing\"><span class=\"h-button__outer style-552-outer style-local-239-c29-outer d-inline-flex h-element\"><a h-use-smooth-scroll=\"true\" href=\"https:\/\/wordpress.sodiase.dak-dc.fr\/?page_id=299\"  data-colibri-id=\"239-c29\" class=\"d-flex w-100 align-items-center h-button justify-content-lg-center justify-content-md-center justify-content-center style-552 style-local-239-c29 position-relative\"><!----><!----> <span>Contactez-nous<\/span><\/a>\n                    <\/span>\n                  <\/div>\n                <\/div>\n              <\/div>\n            <\/div>\n          <\/div>\n        <\/div>\n      <\/div>\n    <\/div>\n  <\/div>\n<\/div>","protected":false},"excerpt":{"rendered":"<p>Notre concession vous propose un large choix de v\u00e9hicules neufs ou d&#8217;occasion. Berlines, SUV, Breaks, citadines, familiales, Venez trouver LE v\u00e9hicule qui VOUS correspond ! D\u00e9couvrez notre gamme de V\u00e9hiculesV\u00e9hicules&nbsp;neufs&nbsp;OPELV\u00e9hicules&nbsp;neufs&nbsp;SUZUKIV\u00e9hicules&nbsp;d&#8217;Occasion V\u00e9hicules neufs V\u00e9hicules d&#8217;occasion Besoin d&#8217;accompagnement dans votre projet ? Contactez notre \u00e9quipe d&#8217;expert qui sera ravies de mettre \u00e0 votre disposition son savoir-faire. Contactez-nous<\/p>\n","protected":false},"author":1,"featured_media":0,"parent":0,"menu_order":0,"comment_status":"closed","ping_status":"closed","template":"page-templates\/homepage.php","meta":{"footnotes":""},"class_list":["post-239","page","type-page","status-publish","hentry"],"_links":{"self":[{"href":"https:\/\/wordpress.sodiase.dak-dc.fr\/index.php?rest_route=\/wp\/v2\/pages\/239","targetHints":{"allow":["GET"]}}],"collection":[{"href":"https:\/\/wordpress.sodiase.dak-dc.fr\/index.php?rest_route=\/wp\/v2\/pages"}],"about":[{"href":"https:\/\/wordpress.sodiase.dak-dc.fr\/index.php?rest_route=\/wp\/v2\/types\/page"}],"author":[{"embeddable":true,"href":"https:\/\/wordpress.sodiase.dak-dc.fr\/index.php?rest_route=\/wp\/v2\/users\/1"}],"replies":[{"embeddable":true,"href":"https:\/\/wordpress.sodiase.dak-dc.fr\/index.php?rest_route=%2Fwp%2Fv2%2Fcomments&post=239"}],"version-history":[{"count":14,"href":"https:\/\/wordpress.sodiase.dak-dc.fr\/index.php?rest_route=\/wp\/v2\/pages\/239\/revisions"}],"predecessor-version":[{"id":627,"href":"https:\/\/wordpress.sodiase.dak-dc.fr\/index.php?rest_route=\/wp\/v2\/pages\/239\/revisions\/627"}],"wp:attachment":[{"href":"https:\/\/wordpress.sodiase.dak-dc.fr\/index.php?rest_route=%2Fwp%2Fv2%2Fmedia&parent=239"}],"curies":[{"name":"wp","href":"https:\/\/api.w.org\/{rel}","templated":true}]}}